{"id":234,"date":"2016-04-16T19:18:59","date_gmt":"2016-04-16T18:18:59","guid":{"rendered":"http:\/\/www.esite.fr\/?page_id=234"},"modified":"2016-04-17T08:26:39","modified_gmt":"2016-04-17T07:26:39","slug":"hotels-charme-thalasso","status":"publish","type":"page","link":"https:\/\/www.esite.fr\/index.php\/hebergements\/hotels-charme-thalasso\/","title":{"rendered":"H\u00f4tels charme &#038; thalasso"},"content":{"rendered":"<table border=\"0\" cellspacing=\"0\" cellpadding=\"0\">\n<tbody>\n<tr>\n<td align=\"LEFT\" bgcolor=\"#FFFFFF\" width=\"445\"><b><i><span style=\"font-size: 8pt; color: #ff8000; font-family: Times New Roman;\">BRETAGNE<\/span><\/i><\/b><\/td>\n<td align=\"CENTER\" bgcolor=\"#FFFFFF\" width=\"83\"><b><i><span style=\"font-size: 8pt; color: #ff9900; font-family: Times New Roman;\">T\u00e9l\u00e9phone<\/span><\/i><\/b><\/td>\n<\/tr>\n<\/tbody>\n<\/table>\n<table border=\"0\" cellspacing=\"0\" cellpadding=\"0\">\n<tbody>\n<tr>\n<td align=\"LEFT\" bgcolor=\"#FFFFFF\" width=\"226\"><b><span style=\"font-size: 8pt; color: #000000; font-family: Calibri;\"><a href=\"http:\/\/www.thalasso-benodet.com\/\" target=\"_blank\">Relais Thalasso Benodet<\/a><\/span><\/b><\/td>\n<td align=\"LEFT\" bgcolor=\"#FFFFFF\" width=\"37\"><span style=\"font-size: 8pt; color: #000000; font-family: Calibri;\">29950<\/span><\/td>\n<td align=\"LEFT\" bgcolor=\"#FFFFFF\" width=\"272\"><span style=\"font-size: 8pt; color: #000000; font-family: Calibri;\">BENODET<\/span><\/td>\n<\/tr>\n<\/tbody>\n<\/table>\n<table border=\"0\" cellspacing=\"0\" cellpadding=\"0\">\n<tbody>\n<tr>\n<td align=\"LEFT\" bgcolor=\"#FFFFFF\" width=\"445\"><b><i><span style=\"font-size: 8pt; color: #ff8000; font-family: Times New Roman;\">CORSE<\/span><\/i><\/b><\/td>\n<td align=\"CENTER\" bgcolor=\"#FFFFFF\" width=\"83\"><b><i><span style=\"font-size: 8pt; color: #ff9900; font-family: Times New Roman;\">T\u00e9l\u00e9phone<\/span><\/i><\/b><\/td>\n<\/tr>\n<\/tbody>\n<\/table>\n<table border=\"0\" cellspacing=\"0\" cellpadding=\"0\">\n<tbody>\n<tr>\n<td align=\"LEFT\" bgcolor=\"#FFFFFF\" width=\"196\"><b><span style=\"font-size: 8pt; color: #000000; font-family: Calibri;\"><a href=\"http:\/\/www.rivabella-spa.com\/\" target=\"_blank\">Riva bella Thalasso<\/a><\/span><\/b><\/td>\n<td align=\"LEFT\" bgcolor=\"#FFFFFF\" width=\"30\"><span style=\"font-size: 8pt; color: #000000; font-family: Calibri;\">****<\/span><\/td>\n<td align=\"LEFT\" bgcolor=\"#FFFFFF\" width=\"37\"><span style=\"font-size: 8pt; color: #000000; font-family: Calibri;\">20270<\/span><\/td>\n<td align=\"LEFT\" bgcolor=\"#FFFFFF\" width=\"181\"><span style=\"font-size: 8pt; color: #000000; font-family: Calibri;\">ALERIA<\/span><\/td>\n<td align=\"RIGHT\" bgcolor=\"#FFFFFF\" width=\"82\"><span style=\"font-size: 8pt; color: #000000; font-family: Calibri;\">0 495 388 606<\/span><\/td>\n<\/tr>\n<\/tbody>\n<\/table>\n<table border=\"0\" cellspacing=\"0\" cellpadding=\"0\">\n<tbody>\n<tr>\n<td align=\"LEFT\" bgcolor=\"#FFFFFF\" width=\"445\"><b><i><span style=\"font-size: 8pt; color: #ff8000; font-family: Times New Roman;\">POITOU CHARENTES<\/span><\/i><\/b><\/td>\n<td align=\"CENTER\" bgcolor=\"#FFFFFF\" width=\"83\"><b><i><span style=\"font-size: 8pt; color: #ff9900; font-family: Times New Roman;\">T\u00e9l\u00e9phone<\/span><\/i><\/b><\/td>\n<\/tr>\n<\/tbody>\n<\/table>\n<table border=\"0\" cellspacing=\"0\" cellpadding=\"0\">\n<tbody>\n<tr>\n<td align=\"LEFT\" bgcolor=\"#FFFFFF\" width=\"226\"><b><span style=\"font-size: 8pt; color: #000000; font-family: Calibri;\"><a href=\"http:\/\/www.thalasso.net\" target=\"_blank\">Relais Thalasso Ile de r\u00e9<\/a><\/span><\/b><\/td>\n<td align=\"LEFT\" bgcolor=\"#FFFFFF\" width=\"37\"><span style=\"font-size: 8pt; color: #000000; font-family: Calibri;\">17740<\/span><\/td>\n<td align=\"LEFT\" bgcolor=\"#FFFFFF\" width=\"272\"><span style=\"font-size: 8pt; color: #000000; font-family: Calibri;\">SAINTE MARIE DE RE<\/span><\/td>\n<\/tr>\n<\/tbody>\n<\/table>\n","protected":false},"excerpt":{"rendered":"<p>H\u00f4tels de charme, h\u00f4tels avec thalasso et soins de bien \u00eatre<\/p>\n","protected":false},"author":2,"featured_media":0,"parent":34,"menu_order":0,"comment_status":"closed","ping_status":"closed","template":"","meta":{"footnotes":""},"class_list":["post-234","page","type-page","status-publish","hentry"],"_links":{"self":[{"href":"https:\/\/www.esite.fr\/index.php\/wp-json\/wp\/v2\/pages\/234","targetHints":{"allow":["GET"]}}],"collection":[{"href":"https:\/\/www.esite.fr\/index.php\/wp-json\/wp\/v2\/pages"}],"about":[{"href":"https:\/\/www.esite.fr\/index.php\/wp-json\/wp\/v2\/types\/page"}],"author":[{"embeddable":true,"href":"https:\/\/www.esite.fr\/index.php\/wp-json\/wp\/v2\/users\/2"}],"replies":[{"embeddable":true,"href":"https:\/\/www.esite.fr\/index.php\/wp-json\/wp\/v2\/comments?post=234"}],"version-history":[{"count":7,"href":"https:\/\/www.esite.fr\/index.php\/wp-json\/wp\/v2\/pages\/234\/revisions"}],"predecessor-version":[{"id":258,"href":"https:\/\/www.esite.fr\/index.php\/wp-json\/wp\/v2\/pages\/234\/revisions\/258"}],"up":[{"embeddable":true,"href":"https:\/\/www.esite.fr\/index.php\/wp-json\/wp\/v2\/pages\/34"}],"wp:attachment":[{"href":"https:\/\/www.esite.fr\/index.php\/wp-json\/wp\/v2\/media?parent=234"}],"curies":[{"name":"wp","href":"https:\/\/api.w.org\/{rel}","templated":true}]}}